{"id":15085,"date":"2021-04-05T10:25:44","date_gmt":"2021-04-05T10:25:44","guid":{"rendered":"https:\/\/wpamelia.com\/?page_id=15085"},"modified":"2021-05-14T09:42:36","modified_gmt":"2021-05-14T09:42:36","slug":"demos","status":"publish","type":"page","link":"https:\/\/wpamelia.com\/es\/demos\/","title":{"rendered":""},"content":{"rendered":"","protected":false},"excerpt":{"rendered":"","protected":false},"author":19,"featured_media":0,"parent":0,"menu_order":0,"comment_status":"closed","ping_status":"closed","template":"elementor_header_footer","meta":{"_acf_changed":false,"inline_featured_image":false,"footnotes":""},"categories":[],"class_list":["post-15085","page","type-page","status-publish","hentry"],"acf":[],"yoast_head":"<!-- This site is optimized with the Yoast SEO plugin v24.6 - https:\/\/yoast.com\/wordpress\/plugins\/seo\/ -->\n<title>- Amelia WordPress Booking Plugin<\/title>\n<meta name=\"description\" content=\"Elige la p\u00e1gina de demo que se parezca m\u00e1s a tu sector. Todas las p\u00e1ginas de demo se crean con temas populares de ThemeForest WordPress.\" \/>\n<meta name=\"robots\" content=\"index, follow, max-snippet:-1, max-image-preview:large, max-video-preview:-1\" \/>\n<link rel=\"canonical\" href=\"https:\/\/wpamelia.com\/es\/demos\/\" \/>\n<meta property=\"og:locale\" content=\"es_ES\" \/>\n<meta property=\"og:type\" content=\"article\" \/>\n<meta property=\"og:title\" content=\"- Amelia WordPress Booking Plugin\" \/>\n<meta property=\"og:description\" content=\"Elige la p\u00e1gina de demo que se parezca m\u00e1s a tu sector. Todas las p\u00e1ginas de demo se crean con temas populares de ThemeForest WordPress.\" \/>\n<meta property=\"og:url\" content=\"https:\/\/wpamelia.com\/es\/demos\/\" \/>\n<meta property=\"og:site_name\" content=\"Amelia WordPress Booking Plugin\" \/>\n<meta property=\"article:modified_time\" content=\"2021-05-14T09:42:36+00:00\" \/>\n<meta name=\"twitter:card\" content=\"summary_large_image\" \/>\n<script type=\"application\/ld+json\" class=\"yoast-schema-graph\">{\"@context\":\"https:\/\/schema.org\",\"@graph\":[{\"@type\":\"WebPage\",\"@id\":\"https:\/\/wpamelia.com\/es\/demos\/\",\"url\":\"https:\/\/wpamelia.com\/es\/demos\/\",\"name\":\"- Amelia WordPress Booking Plugin\",\"isPartOf\":{\"@id\":\"https:\/\/wpamelia.com\/es\/#website\"},\"datePublished\":\"2021-04-05T10:25:44+00:00\",\"dateModified\":\"2021-05-14T09:42:36+00:00\",\"description\":\"Elige la p\u00e1gina de demo que se parezca m\u00e1s a tu sector. Todas las p\u00e1ginas de demo se crean con temas populares de ThemeForest WordPress.\",\"inLanguage\":\"es\",\"potentialAction\":[{\"@type\":\"ReadAction\",\"target\":[\"https:\/\/wpamelia.com\/es\/demos\/\"]}]},{\"@type\":\"WebSite\",\"@id\":\"https:\/\/wpamelia.com\/es\/#website\",\"url\":\"https:\/\/wpamelia.com\/es\/\",\"name\":\"Amelia WordPress Booking Plugin\",\"description\":\"\",\"publisher\":{\"@id\":\"https:\/\/wpamelia.com\/es\/#organization\"},\"potentialAction\":[{\"@type\":\"SearchAction\",\"target\":{\"@type\":\"EntryPoint\",\"urlTemplate\":\"https:\/\/wpamelia.com\/es\/?s={search_term_string}\"},\"query-input\":{\"@type\":\"PropertyValueSpecification\",\"valueRequired\":true,\"valueName\":\"search_term_string\"}}],\"inLanguage\":\"es\"},{\"@type\":\"Organization\",\"@id\":\"https:\/\/wpamelia.com\/es\/#organization\",\"name\":\"Amelia WordPress Booking Plugin\",\"url\":\"https:\/\/wpamelia.com\/es\/\",\"logo\":{\"@type\":\"ImageObject\",\"inLanguage\":\"es\",\"@id\":\"https:\/\/wpamelia.com\/es\/#\/schema\/logo\/image\/\",\"url\":\"https:\/\/wpamelia.com\/wp-content\/uploads\/2021\/08\/amelia-logo-footer.webp\",\"contentUrl\":\"https:\/\/wpamelia.com\/wp-content\/uploads\/2021\/08\/amelia-logo-footer.webp\",\"width\":904,\"height\":251,\"caption\":\"Amelia WordPress Booking Plugin\"},\"image\":{\"@id\":\"https:\/\/wpamelia.com\/es\/#\/schema\/logo\/image\/\"}}]}<\/script>\n<!-- \/ Yoast SEO plugin. -->","yoast_head_json":{"title":"- Amelia WordPress Booking Plugin","description":"Elige la p\u00e1gina de demo que se parezca m\u00e1s a tu sector. Todas las p\u00e1ginas de demo se crean con temas populares de ThemeForest WordPress.","robots":{"index":"index","follow":"follow","max-snippet":"max-snippet:-1","max-image-preview":"max-image-preview:large","max-video-preview":"max-video-preview:-1"},"canonical":"https:\/\/wpamelia.com\/es\/demos\/","og_locale":"es_ES","og_type":"article","og_title":"- Amelia WordPress Booking Plugin","og_description":"Elige la p\u00e1gina de demo que se parezca m\u00e1s a tu sector. Todas las p\u00e1ginas de demo se crean con temas populares de ThemeForest WordPress.","og_url":"https:\/\/wpamelia.com\/es\/demos\/","og_site_name":"Amelia WordPress Booking Plugin","article_modified_time":"2021-05-14T09:42:36+00:00","twitter_card":"summary_large_image","schema":{"@context":"https:\/\/schema.org","@graph":[{"@type":"WebPage","@id":"https:\/\/wpamelia.com\/es\/demos\/","url":"https:\/\/wpamelia.com\/es\/demos\/","name":"- Amelia WordPress Booking Plugin","isPartOf":{"@id":"https:\/\/wpamelia.com\/es\/#website"},"datePublished":"2021-04-05T10:25:44+00:00","dateModified":"2021-05-14T09:42:36+00:00","description":"Elige la p\u00e1gina de demo que se parezca m\u00e1s a tu sector. Todas las p\u00e1ginas de demo se crean con temas populares de ThemeForest WordPress.","inLanguage":"es","potentialAction":[{"@type":"ReadAction","target":["https:\/\/wpamelia.com\/es\/demos\/"]}]},{"@type":"WebSite","@id":"https:\/\/wpamelia.com\/es\/#website","url":"https:\/\/wpamelia.com\/es\/","name":"Amelia WordPress Booking Plugin","description":"","publisher":{"@id":"https:\/\/wpamelia.com\/es\/#organization"},"potentialAction":[{"@type":"SearchAction","target":{"@type":"EntryPoint","urlTemplate":"https:\/\/wpamelia.com\/es\/?s={search_term_string}"},"query-input":{"@type":"PropertyValueSpecification","valueRequired":true,"valueName":"search_term_string"}}],"inLanguage":"es"},{"@type":"Organization","@id":"https:\/\/wpamelia.com\/es\/#organization","name":"Amelia WordPress Booking Plugin","url":"https:\/\/wpamelia.com\/es\/","logo":{"@type":"ImageObject","inLanguage":"es","@id":"https:\/\/wpamelia.com\/es\/#\/schema\/logo\/image\/","url":"https:\/\/wpamelia.com\/wp-content\/uploads\/2021\/08\/amelia-logo-footer.webp","contentUrl":"https:\/\/wpamelia.com\/wp-content\/uploads\/2021\/08\/amelia-logo-footer.webp","width":904,"height":251,"caption":"Amelia WordPress Booking Plugin"},"image":{"@id":"https:\/\/wpamelia.com\/es\/#\/schema\/logo\/image\/"}}]}},"_links":{"self":[{"href":"https:\/\/wpamelia.com\/es\/wp-json\/wp\/v2\/pages\/15085","targetHints":{"allow":["GET"]}}],"collection":[{"href":"https:\/\/wpamelia.com\/es\/wp-json\/wp\/v2\/pages"}],"about":[{"href":"https:\/\/wpamelia.com\/es\/wp-json\/wp\/v2\/types\/page"}],"author":[{"embeddable":true,"href":"https:\/\/wpamelia.com\/es\/wp-json\/wp\/v2\/users\/19"}],"replies":[{"embeddable":true,"href":"https:\/\/wpamelia.com\/es\/wp-json\/wp\/v2\/comments?post=15085"}],"version-history":[{"count":2,"href":"https:\/\/wpamelia.com\/es\/wp-json\/wp\/v2\/pages\/15085\/revisions"}],"predecessor-version":[{"id":16519,"href":"https:\/\/wpamelia.com\/es\/wp-json\/wp\/v2\/pages\/15085\/revisions\/16519"}],"wp:attachment":[{"href":"https:\/\/wpamelia.com\/es\/wp-json\/wp\/v2\/media?parent=15085"}],"wp:term":[{"taxonomy":"category","embeddable":true,"href":"https:\/\/wpamelia.com\/es\/wp-json\/wp\/v2\/categories?post=15085"}],"curies":[{"name":"wp","href":"https:\/\/api.w.org\/{rel}","templated":true}]}}