{"id":39509,"date":"2023-03-17T13:36:26","date_gmt":"2023-03-17T13:36:26","guid":{"rendered":"https:\/\/wpamelia.com\/?page_id=39509"},"modified":"2023-05-11T13:45:00","modified_gmt":"2023-05-11T13:45:00","slug":"scheduling-wordpress-plugin","status":"publish","type":"page","link":"https:\/\/wpamelia.com\/de\/scheduling-wordpress-plugin\/","title":{"rendered":"Scheduling"},"content":{"rendered":"","protected":false},"excerpt":{"rendered":"","protected":false},"author":21,"featured_media":0,"parent":0,"menu_order":0,"comment_status":"closed","ping_status":"closed","template":"scheduling.php","meta":{"_acf_changed":false,"inline_featured_image":false,"footnotes":""},"categories":[],"class_list":["post-39509","page","type-page","status-publish","hentry"],"acf":[],"yoast_head":"<!-- This site is optimized with the Yoast SEO plugin v24.6 - https:\/\/yoast.com\/wordpress\/plugins\/seo\/ -->\n<title>Amelia Terminplanungs-Plugin f\u00fcr WordPress | Effizientes Terminmanagement<\/title>\n<meta name=\"description\" content=\"Vereinfachen Sie die Terminplanung und -verwaltung mit Amelia, das leistungsstarke Terminplanungs-Plugin f\u00fcr WordPress. Optimieren Sie Ihren Arbeitsablauf, sparen Sie Zeit und verbessern Sie Ihre Gesch\u00e4ftsabl\u00e4ufe noch heute.\" \/>\n<meta name=\"robots\" content=\"index, follow, max-snippet:-1, max-image-preview:large, max-video-preview:-1\" \/>\n<link rel=\"canonical\" href=\"https:\/\/wpamelia.com\/de\/scheduling-wordpress-plugin\/\" \/>\n<meta property=\"og:locale\" content=\"de_DE\" \/>\n<meta property=\"og:type\" content=\"article\" \/>\n<meta property=\"og:title\" content=\"Amelia Terminplanungs-Plugin f\u00fcr WordPress | Effizientes Terminmanagement\" \/>\n<meta property=\"og:description\" content=\"Vereinfachen Sie die Terminplanung und -verwaltung mit Amelia, das leistungsstarke Terminplanungs-Plugin f\u00fcr WordPress. Optimieren Sie Ihren Arbeitsablauf, sparen Sie Zeit und verbessern Sie Ihre Gesch\u00e4ftsabl\u00e4ufe noch heute.\" \/>\n<meta property=\"og:url\" content=\"https:\/\/wpamelia.com\/de\/scheduling-wordpress-plugin\/\" \/>\n<meta property=\"og:site_name\" content=\"Amelia WordPress Booking Plugin\" \/>\n<meta property=\"article:modified_time\" content=\"2023-05-11T13:45:00+00:00\" \/>\n<meta name=\"twitter:card\" content=\"summary_large_image\" \/>\n<script type=\"application\/ld+json\" class=\"yoast-schema-graph\">{\"@context\":\"https:\/\/schema.org\",\"@graph\":[{\"@type\":\"WebPage\",\"@id\":\"https:\/\/wpamelia.com\/de\/scheduling-wordpress-plugin\/\",\"url\":\"https:\/\/wpamelia.com\/de\/scheduling-wordpress-plugin\/\",\"name\":\"Amelia Terminplanungs-Plugin f\u00fcr WordPress | Effizientes Terminmanagement\",\"isPartOf\":{\"@id\":\"https:\/\/wpamelia.com\/de\/#website\"},\"datePublished\":\"2023-03-17T13:36:26+00:00\",\"dateModified\":\"2023-05-11T13:45:00+00:00\",\"description\":\"Vereinfachen Sie die Terminplanung und -verwaltung mit Amelia, das leistungsstarke Terminplanungs-Plugin f\u00fcr WordPress. Optimieren Sie Ihren Arbeitsablauf, sparen Sie Zeit und verbessern Sie Ihre Gesch\u00e4ftsabl\u00e4ufe noch heute.\",\"breadcrumb\":{\"@id\":\"https:\/\/wpamelia.com\/de\/scheduling-wordpress-plugin\/#breadcrumb\"},\"inLanguage\":\"de\",\"potentialAction\":[{\"@type\":\"ReadAction\",\"target\":[\"https:\/\/wpamelia.com\/de\/scheduling-wordpress-plugin\/\"]}]},{\"@type\":\"BreadcrumbList\",\"@id\":\"https:\/\/wpamelia.com\/de\/scheduling-wordpress-plugin\/#breadcrumb\",\"itemListElement\":[{\"@type\":\"ListItem\",\"position\":1,\"name\":\"Home\",\"item\":\"https:\/\/wpamelia.com\/de\/\"},{\"@type\":\"ListItem\",\"position\":2,\"name\":\"Scheduling\"}]},{\"@type\":\"WebSite\",\"@id\":\"https:\/\/wpamelia.com\/de\/#website\",\"url\":\"https:\/\/wpamelia.com\/de\/\",\"name\":\"Amelia WordPress Booking Plugin\",\"description\":\"\",\"publisher\":{\"@id\":\"https:\/\/wpamelia.com\/de\/#organization\"},\"potentialAction\":[{\"@type\":\"SearchAction\",\"target\":{\"@type\":\"EntryPoint\",\"urlTemplate\":\"https:\/\/wpamelia.com\/de\/?s={search_term_string}\"},\"query-input\":{\"@type\":\"PropertyValueSpecification\",\"valueRequired\":true,\"valueName\":\"search_term_string\"}}],\"inLanguage\":\"de\"},{\"@type\":\"Organization\",\"@id\":\"https:\/\/wpamelia.com\/de\/#organization\",\"name\":\"Amelia WordPress Booking Plugin\",\"url\":\"https:\/\/wpamelia.com\/de\/\",\"logo\":{\"@type\":\"ImageObject\",\"inLanguage\":\"de\",\"@id\":\"https:\/\/wpamelia.com\/de\/#\/schema\/logo\/image\/\",\"url\":\"https:\/\/wpamelia.com\/wp-content\/uploads\/2021\/08\/amelia-logo-footer.webp\",\"contentUrl\":\"https:\/\/wpamelia.com\/wp-content\/uploads\/2021\/08\/amelia-logo-footer.webp\",\"width\":904,\"height\":251,\"caption\":\"Amelia WordPress Booking Plugin\"},\"image\":{\"@id\":\"https:\/\/wpamelia.com\/de\/#\/schema\/logo\/image\/\"}}]}<\/script>\n<!-- \/ Yoast SEO plugin. -->","yoast_head_json":{"title":"Amelia Terminplanungs-Plugin f\u00fcr WordPress | Effizientes Terminmanagement","description":"Vereinfachen Sie die Terminplanung und -verwaltung mit Amelia, das leistungsstarke Terminplanungs-Plugin f\u00fcr WordPress. Optimieren Sie Ihren Arbeitsablauf, sparen Sie Zeit und verbessern Sie Ihre Gesch\u00e4ftsabl\u00e4ufe noch heute.","robots":{"index":"index","follow":"follow","max-snippet":"max-snippet:-1","max-image-preview":"max-image-preview:large","max-video-preview":"max-video-preview:-1"},"canonical":"https:\/\/wpamelia.com\/de\/scheduling-wordpress-plugin\/","og_locale":"de_DE","og_type":"article","og_title":"Amelia Terminplanungs-Plugin f\u00fcr WordPress | Effizientes Terminmanagement","og_description":"Vereinfachen Sie die Terminplanung und -verwaltung mit Amelia, das leistungsstarke Terminplanungs-Plugin f\u00fcr WordPress. Optimieren Sie Ihren Arbeitsablauf, sparen Sie Zeit und verbessern Sie Ihre Gesch\u00e4ftsabl\u00e4ufe noch heute.","og_url":"https:\/\/wpamelia.com\/de\/scheduling-wordpress-plugin\/","og_site_name":"Amelia WordPress Booking Plugin","article_modified_time":"2023-05-11T13:45:00+00:00","twitter_card":"summary_large_image","schema":{"@context":"https:\/\/schema.org","@graph":[{"@type":"WebPage","@id":"https:\/\/wpamelia.com\/de\/scheduling-wordpress-plugin\/","url":"https:\/\/wpamelia.com\/de\/scheduling-wordpress-plugin\/","name":"Amelia Terminplanungs-Plugin f\u00fcr WordPress | Effizientes Terminmanagement","isPartOf":{"@id":"https:\/\/wpamelia.com\/de\/#website"},"datePublished":"2023-03-17T13:36:26+00:00","dateModified":"2023-05-11T13:45:00+00:00","description":"Vereinfachen Sie die Terminplanung und -verwaltung mit Amelia, das leistungsstarke Terminplanungs-Plugin f\u00fcr WordPress. Optimieren Sie Ihren Arbeitsablauf, sparen Sie Zeit und verbessern Sie Ihre Gesch\u00e4ftsabl\u00e4ufe noch heute.","breadcrumb":{"@id":"https:\/\/wpamelia.com\/de\/scheduling-wordpress-plugin\/#breadcrumb"},"inLanguage":"de","potentialAction":[{"@type":"ReadAction","target":["https:\/\/wpamelia.com\/de\/scheduling-wordpress-plugin\/"]}]},{"@type":"BreadcrumbList","@id":"https:\/\/wpamelia.com\/de\/scheduling-wordpress-plugin\/#breadcrumb","itemListElement":[{"@type":"ListItem","position":1,"name":"Home","item":"https:\/\/wpamelia.com\/de\/"},{"@type":"ListItem","position":2,"name":"Scheduling"}]},{"@type":"WebSite","@id":"https:\/\/wpamelia.com\/de\/#website","url":"https:\/\/wpamelia.com\/de\/","name":"Amelia WordPress Booking Plugin","description":"","publisher":{"@id":"https:\/\/wpamelia.com\/de\/#organization"},"potentialAction":[{"@type":"SearchAction","target":{"@type":"EntryPoint","urlTemplate":"https:\/\/wpamelia.com\/de\/?s={search_term_string}"},"query-input":{"@type":"PropertyValueSpecification","valueRequired":true,"valueName":"search_term_string"}}],"inLanguage":"de"},{"@type":"Organization","@id":"https:\/\/wpamelia.com\/de\/#organization","name":"Amelia WordPress Booking Plugin","url":"https:\/\/wpamelia.com\/de\/","logo":{"@type":"ImageObject","inLanguage":"de","@id":"https:\/\/wpamelia.com\/de\/#\/schema\/logo\/image\/","url":"https:\/\/wpamelia.com\/wp-content\/uploads\/2021\/08\/amelia-logo-footer.webp","contentUrl":"https:\/\/wpamelia.com\/wp-content\/uploads\/2021\/08\/amelia-logo-footer.webp","width":904,"height":251,"caption":"Amelia WordPress Booking Plugin"},"image":{"@id":"https:\/\/wpamelia.com\/de\/#\/schema\/logo\/image\/"}}]}},"_links":{"self":[{"href":"https:\/\/wpamelia.com\/de\/wp-json\/wp\/v2\/pages\/39509","targetHints":{"allow":["GET"]}}],"collection":[{"href":"https:\/\/wpamelia.com\/de\/wp-json\/wp\/v2\/pages"}],"about":[{"href":"https:\/\/wpamelia.com\/de\/wp-json\/wp\/v2\/types\/page"}],"author":[{"embeddable":true,"href":"https:\/\/wpamelia.com\/de\/wp-json\/wp\/v2\/users\/21"}],"replies":[{"embeddable":true,"href":"https:\/\/wpamelia.com\/de\/wp-json\/wp\/v2\/comments?post=39509"}],"version-history":[{"count":1,"href":"https:\/\/wpamelia.com\/de\/wp-json\/wp\/v2\/pages\/39509\/revisions"}],"predecessor-version":[{"id":39510,"href":"https:\/\/wpamelia.com\/de\/wp-json\/wp\/v2\/pages\/39509\/revisions\/39510"}],"wp:attachment":[{"href":"https:\/\/wpamelia.com\/de\/wp-json\/wp\/v2\/media?parent=39509"}],"wp:term":[{"taxonomy":"category","embeddable":true,"href":"https:\/\/wpamelia.com\/de\/wp-json\/wp\/v2\/categories?post=39509"}],"curies":[{"name":"wp","href":"https:\/\/api.w.org\/{rel}","templated":true}]}}