{"id":13968,"date":"2021-02-12T13:45:09","date_gmt":"2021-02-12T13:45:09","guid":{"rendered":"https:\/\/wpamelia.com\/?page_id=13968"},"modified":"2021-05-14T09:37:02","modified_gmt":"2021-05-14T09:37:02","slug":"pricing","status":"publish","type":"page","link":"https:\/\/wpamelia.com\/de\/pricing\/","title":{"rendered":"Pricing"},"content":{"rendered":"","protected":false},"excerpt":{"rendered":"","protected":false},"author":3,"featured_media":0,"parent":0,"menu_order":0,"comment_status":"closed","ping_status":"closed","template":"elementor_header_footer","meta":{"_acf_changed":false,"inline_featured_image":false,"footnotes":""},"categories":[],"class_list":["post-13968","page","type-page","status-publish","hentry"],"acf":[],"yoast_head":"<!-- This site is optimized with the Yoast SEO plugin v24.6 - https:\/\/yoast.com\/wordpress\/plugins\/seo\/ -->\n<title>Pricing - Amelia WordPress Booking Plugin<\/title>\n<meta name=\"description\" content=\"W\u00e4hlen Sie Ihr Abonnement. Wenn Sie aus einem Land kommen, in dem Mehrwertsteuer anf\u00e4llt, wird der Transaktion eine Mehrwertsteuer hinzugef\u00fcgt.\" \/>\n<meta name=\"robots\" content=\"index, follow, max-snippet:-1, max-image-preview:large, max-video-preview:-1\" \/>\n<link rel=\"canonical\" href=\"https:\/\/wpamelia.com\/de\/pricing\/\" \/>\n<meta property=\"og:locale\" content=\"de_DE\" \/>\n<meta property=\"og:type\" content=\"article\" \/>\n<meta property=\"og:title\" content=\"Pricing - Amelia WordPress Booking Plugin\" \/>\n<meta property=\"og:description\" content=\"W\u00e4hlen Sie Ihr Abonnement. Wenn Sie aus einem Land kommen, in dem Mehrwertsteuer anf\u00e4llt, wird der Transaktion eine Mehrwertsteuer hinzugef\u00fcgt.\" \/>\n<meta property=\"og:url\" content=\"https:\/\/wpamelia.com\/de\/pricing\/\" \/>\n<meta property=\"og:site_name\" content=\"Amelia WordPress Booking Plugin\" \/>\n<meta property=\"article:modified_time\" content=\"2021-05-14T09:37:02+00:00\" \/>\n<meta name=\"twitter:card\" content=\"summary_large_image\" \/>\n<script type=\"application\/ld+json\" class=\"yoast-schema-graph\">{\"@context\":\"https:\/\/schema.org\",\"@graph\":[{\"@type\":\"WebPage\",\"@id\":\"https:\/\/wpamelia.com\/de\/pricing\/\",\"url\":\"https:\/\/wpamelia.com\/de\/pricing\/\",\"name\":\"Pricing - Amelia WordPress Booking Plugin\",\"isPartOf\":{\"@id\":\"https:\/\/wpamelia.com\/de\/#website\"},\"datePublished\":\"2021-02-12T13:45:09+00:00\",\"dateModified\":\"2021-05-14T09:37:02+00:00\",\"description\":\"W\u00e4hlen Sie Ihr Abonnement. Wenn Sie aus einem Land kommen, in dem Mehrwertsteuer anf\u00e4llt, wird der Transaktion eine Mehrwertsteuer hinzugef\u00fcgt.\",\"breadcrumb\":{\"@id\":\"https:\/\/wpamelia.com\/de\/pricing\/#breadcrumb\"},\"inLanguage\":\"de\",\"potentialAction\":[{\"@type\":\"ReadAction\",\"target\":[\"https:\/\/wpamelia.com\/de\/pricing\/\"]}]},{\"@type\":\"BreadcrumbList\",\"@id\":\"https:\/\/wpamelia.com\/de\/pricing\/#breadcrumb\",\"itemListElement\":[{\"@type\":\"ListItem\",\"position\":1,\"name\":\"Home\",\"item\":\"https:\/\/wpamelia.com\/de\/\"},{\"@type\":\"ListItem\",\"position\":2,\"name\":\"Pricing\"}]},{\"@type\":\"WebSite\",\"@id\":\"https:\/\/wpamelia.com\/de\/#website\",\"url\":\"https:\/\/wpamelia.com\/de\/\",\"name\":\"Amelia WordPress Booking Plugin\",\"description\":\"\",\"publisher\":{\"@id\":\"https:\/\/wpamelia.com\/de\/#organization\"},\"potentialAction\":[{\"@type\":\"SearchAction\",\"target\":{\"@type\":\"EntryPoint\",\"urlTemplate\":\"https:\/\/wpamelia.com\/de\/?s={search_term_string}\"},\"query-input\":{\"@type\":\"PropertyValueSpecification\",\"valueRequired\":true,\"valueName\":\"search_term_string\"}}],\"inLanguage\":\"de\"},{\"@type\":\"Organization\",\"@id\":\"https:\/\/wpamelia.com\/de\/#organization\",\"name\":\"Amelia WordPress Booking Plugin\",\"url\":\"https:\/\/wpamelia.com\/de\/\",\"logo\":{\"@type\":\"ImageObject\",\"inLanguage\":\"de\",\"@id\":\"https:\/\/wpamelia.com\/de\/#\/schema\/logo\/image\/\",\"url\":\"https:\/\/wpamelia.com\/wp-content\/uploads\/2021\/08\/amelia-logo-footer.webp\",\"contentUrl\":\"https:\/\/wpamelia.com\/wp-content\/uploads\/2021\/08\/amelia-logo-footer.webp\",\"width\":904,\"height\":251,\"caption\":\"Amelia WordPress Booking Plugin\"},\"image\":{\"@id\":\"https:\/\/wpamelia.com\/de\/#\/schema\/logo\/image\/\"}}]}<\/script>\n<!-- \/ Yoast SEO plugin. -->","yoast_head_json":{"title":"Pricing - Amelia WordPress Booking Plugin","description":"W\u00e4hlen Sie Ihr Abonnement. Wenn Sie aus einem Land kommen, in dem Mehrwertsteuer anf\u00e4llt, wird der Transaktion eine Mehrwertsteuer hinzugef\u00fcgt.","robots":{"index":"index","follow":"follow","max-snippet":"max-snippet:-1","max-image-preview":"max-image-preview:large","max-video-preview":"max-video-preview:-1"},"canonical":"https:\/\/wpamelia.com\/de\/pricing\/","og_locale":"de_DE","og_type":"article","og_title":"Pricing - Amelia WordPress Booking Plugin","og_description":"W\u00e4hlen Sie Ihr Abonnement. Wenn Sie aus einem Land kommen, in dem Mehrwertsteuer anf\u00e4llt, wird der Transaktion eine Mehrwertsteuer hinzugef\u00fcgt.","og_url":"https:\/\/wpamelia.com\/de\/pricing\/","og_site_name":"Amelia WordPress Booking Plugin","article_modified_time":"2021-05-14T09:37:02+00:00","twitter_card":"summary_large_image","schema":{"@context":"https:\/\/schema.org","@graph":[{"@type":"WebPage","@id":"https:\/\/wpamelia.com\/de\/pricing\/","url":"https:\/\/wpamelia.com\/de\/pricing\/","name":"Pricing - Amelia WordPress Booking Plugin","isPartOf":{"@id":"https:\/\/wpamelia.com\/de\/#website"},"datePublished":"2021-02-12T13:45:09+00:00","dateModified":"2021-05-14T09:37:02+00:00","description":"W\u00e4hlen Sie Ihr Abonnement. Wenn Sie aus einem Land kommen, in dem Mehrwertsteuer anf\u00e4llt, wird der Transaktion eine Mehrwertsteuer hinzugef\u00fcgt.","breadcrumb":{"@id":"https:\/\/wpamelia.com\/de\/pricing\/#breadcrumb"},"inLanguage":"de","potentialAction":[{"@type":"ReadAction","target":["https:\/\/wpamelia.com\/de\/pricing\/"]}]},{"@type":"BreadcrumbList","@id":"https:\/\/wpamelia.com\/de\/pricing\/#breadcrumb","itemListElement":[{"@type":"ListItem","position":1,"name":"Home","item":"https:\/\/wpamelia.com\/de\/"},{"@type":"ListItem","position":2,"name":"Pricing"}]},{"@type":"WebSite","@id":"https:\/\/wpamelia.com\/de\/#website","url":"https:\/\/wpamelia.com\/de\/","name":"Amelia WordPress Booking Plugin","description":"","publisher":{"@id":"https:\/\/wpamelia.com\/de\/#organization"},"potentialAction":[{"@type":"SearchAction","target":{"@type":"EntryPoint","urlTemplate":"https:\/\/wpamelia.com\/de\/?s={search_term_string}"},"query-input":{"@type":"PropertyValueSpecification","valueRequired":true,"valueName":"search_term_string"}}],"inLanguage":"de"},{"@type":"Organization","@id":"https:\/\/wpamelia.com\/de\/#organization","name":"Amelia WordPress Booking Plugin","url":"https:\/\/wpamelia.com\/de\/","logo":{"@type":"ImageObject","inLanguage":"de","@id":"https:\/\/wpamelia.com\/de\/#\/schema\/logo\/image\/","url":"https:\/\/wpamelia.com\/wp-content\/uploads\/2021\/08\/amelia-logo-footer.webp","contentUrl":"https:\/\/wpamelia.com\/wp-content\/uploads\/2021\/08\/amelia-logo-footer.webp","width":904,"height":251,"caption":"Amelia WordPress Booking Plugin"},"image":{"@id":"https:\/\/wpamelia.com\/de\/#\/schema\/logo\/image\/"}}]}},"_links":{"self":[{"href":"https:\/\/wpamelia.com\/de\/wp-json\/wp\/v2\/pages\/13968","targetHints":{"allow":["GET"]}}],"collection":[{"href":"https:\/\/wpamelia.com\/de\/wp-json\/wp\/v2\/pages"}],"about":[{"href":"https:\/\/wpamelia.com\/de\/wp-json\/wp\/v2\/types\/page"}],"author":[{"embeddable":true,"href":"https:\/\/wpamelia.com\/de\/wp-json\/wp\/v2\/users\/3"}],"replies":[{"embeddable":true,"href":"https:\/\/wpamelia.com\/de\/wp-json\/wp\/v2\/comments?post=13968"}],"version-history":[{"count":3,"href":"https:\/\/wpamelia.com\/de\/wp-json\/wp\/v2\/pages\/13968\/revisions"}],"predecessor-version":[{"id":16526,"href":"https:\/\/wpamelia.com\/de\/wp-json\/wp\/v2\/pages\/13968\/revisions\/16526"}],"wp:attachment":[{"href":"https:\/\/wpamelia.com\/de\/wp-json\/wp\/v2\/media?parent=13968"}],"wp:term":[{"taxonomy":"category","embeddable":true,"href":"https:\/\/wpamelia.com\/de\/wp-json\/wp\/v2\/categories?post=13968"}],"curies":[{"name":"wp","href":"https:\/\/api.w.org\/{rel}","templated":true}]}}